{"id":620,"date":"2022-02-12T12:09:00","date_gmt":"2022-02-12T12:09:00","guid":{"rendered":"https:\/\/motivoweb.com\/zad\/?page_id=620"},"modified":"2023-10-05T14:22:46","modified_gmt":"2023-10-05T14:22:46","slug":"servicios","status":"publish","type":"page","link":"https:\/\/serviciosganaderosmillan.es\/index.php\/servicios\/","title":{"rendered":"Servicios"},"content":{"rendered":"<section class=\"wpb-content-wrapper\"><p>[vc_row content_animation=\u00bbyes\u00bb mo_init_scale_x=\u00bb1&#8243; mo_init_scale_y=\u00bb1&#8243; mo_init_scale_z=\u00bb1&#8243; mo_init_opacity=\u00bb0&#8243; mo_an_scale_x=\u00bb1&#8243; mo_an_scale_y=\u00bb1&#8243; mo_an_scale_z=\u00bb1&#8243; mo_an_opacity=\u00bb1&#8243; css=\u00bb.vc_custom_1592312496390{padding-top: 100px !important;padding-bottom: 100px !important;}\u00bb mo_init_translate_y=\u00bb63&#8243; mo_init_translate_z=\u00bb-85&#8243; mo_init_rotate_x=\u00bb-58&#8243;][vc_column][vc_row_inner][vc_column_inner width=\u00bb1\/2&#8243;]       \n      <div class=\"mo-title-box title-box-style6  text-left\"  ><h5 data-title=\"\u00bfPARA QU\u00c9 UN POD\u00d3LOGO BOVINO?\"><span>\u00bfPARA QU\u00c9 UN POD\u00d3LOGO BOVINO?<\/span><\/h5><h3>Incrementa la eficacia de tu explotaci\u00f3n<\/h3> <\/div>\n    [\/vc_column_inner][vc_column_inner width=\u00bb1\/2&#8243;][vc_empty_space height=\u00bb30px\u00bb el_class=\u00bbhide_mobile\u00bb][vc_column_text css=\u00bb.vc_custom_1696185284499{margin-bottom: 20px !important;}\u00bb]El pod\u00f3logo desempe\u00f1a un papel fundamental en el mantenimiento de la salud podal del reba\u00f1o en las explotaciones de vacuno. Para lograr este objetivo, el recorte preventivo es una estrategia imprescindible, realizando uno o dos recortes al a\u00f1o para mantener las pezu\u00f1as de los animales en un estado \u00f3ptimo.[\/vc_column_text][\/vc_column_inner][\/vc_row_inner][vc_row_inner el_class=\u00bbtablet_column_2&#8243; css=\u00bb.vc_custom_1631832749292{padding-top: 40px !important;}\u00bb][vc_column_inner width=\u00bb1\/4&#8243; offset=\u00bbvc_col-lg-3 vc_col-md-3 vc_col-xs-12&#8243;]\t\t<div class=\"service iconbox   icon-box-style9\" >\n\t\t    <div class=\"icon-wrap\"><i class=\"pe-7s-look\"><\/i><\/div>\t\t  <div class=\"title-wrap\">\n\t\t\t   <h6 data-title=\"Examen y revisi\u00f3n del ganado\"><span>Examen y revisi\u00f3n del ganado<\/span><\/h6>\t\t\t             <\/div>\n\t\t<\/div>\n        <div class=\"clearfix\"><\/div>\n    [\/vc_column_inner][vc_column_inner width=\u00bb1\/4&#8243; offset=\u00bbvc_col-lg-3 vc_col-md-3 vc_col-xs-12&#8243;]\t\t<div class=\"service iconbox   icon-box-style9\" >\n\t\t    <div class=\"icon-wrap\"><i class=\"pe-7s-ticket\"><\/i><\/div>\t\t  <div class=\"title-wrap\">\n\t\t\t   <h6 data-title=\"Acciones de prevenci\u00f3n\"><span>Acciones de prevenci\u00f3n<\/span><\/h6>\t\t\t             <\/div>\n\t\t<\/div>\n        <div class=\"clearfix\"><\/div>\n    [\/vc_column_inner][vc_column_inner width=\u00bb1\/4&#8243; offset=\u00bbvc_col-lg-3 vc_col-md-3 vc_col-xs-12&#8243;]\t\t<div class=\"service iconbox   icon-box-style9\" >\n\t\t    <div class=\"icon-wrap\"><i class=\"pe-7s-arc\"><\/i><\/div>\t\t  <div class=\"title-wrap\">\n\t\t\t   <h6 data-title=\"Revisi\u00f3n de Aplomos\"><span>Revisi\u00f3n de Aplomos<\/span><\/h6>\t\t\t             <\/div>\n\t\t<\/div>\n        <div class=\"clearfix\"><\/div>\n    [\/vc_column_inner][vc_column_inner width=\u00bb1\/4&#8243; offset=\u00bbvc_col-lg-3 vc_col-md-3 vc_col-xs-12&#8243;]\t\t<div class=\"service iconbox   icon-box-style9\" >\n\t\t    <div class=\"icon-wrap\"><i class=\"pe-7s-scissors\"><\/i><\/div>\t\t  <div class=\"title-wrap\">\n\t\t\t   <h6 data-title=\"Realizaci\u00f3n de los recortes\"><span>Realizaci\u00f3n de los recortes<\/span><\/h6>\t\t\t             <\/div>\n\t\t<\/div>\n        <div class=\"clearfix\"><\/div>\n    [\/vc_column_inner][\/vc_row_inner][\/vc_column][\/vc_row][vc_row content_bg_color=\u00bbbg-dark-grey\u00bb css=\u00bb.vc_custom_1646258625075{padding-top: 100px !important;padding-bottom: 80px !important;}\u00bb][vc_column width=\u00bb1\/2&#8243; el_class=\u00bbnotebook_column_full\u00bb offset=\u00bbvc_col-lg-6 vc_col-md-6 vc_hidden-xs\u00bb][vc_row_inner][vc_column_inner width=\u00bb1\/2&#8243;]\t\n    \t    <div class=\"fancy-image mo-img-group-single\" data-reveal=\"true\" data-reveal-options='{\"direction\":\"\",\"bgcolor\":\"#041026\",\"delay\":\"\"}' data-shadow-style=\"yes\">\n\t\t\t<div class=\"mo-img-container-inner\" data-parallax=\"true\" data-parallax-from='{\"translateY\":140}' data-parallax-to='{\"translateY\":-161}' data-parallax-options='{\"easing\":\"linear\"}' >\n\t\t\t<figure><img decoding=\"async\" src=\"https:\/\/serviciosganaderosmillan.es\/wp-content\/uploads\/2023\/09\/mujer-joven-trabajando-heno-vacas-granja-lechera.jpeg\" alt=\"image\" \/><\/figure>\t\n\t\t\t<\/div><!-- \/.mo-img-container-inner -->\n\t\t<\/div><!-- \/.fancy-image -->\n\t\t\t\n    [\/vc_column_inner][vc_column_inner width=\u00bb1\/2&#8243; css=\u00bb.vc_custom_1631668138429{margin-top: 70px !important;margin-left: -70px !important;}\u00bb]\t\n    \t    <div class=\"fancy-image mo-img-group-single\" data-reveal=\"true\" data-reveal-options='{\"direction\":\"\",\"bgcolor\":\"#041026\",\"delay\":\"\"}' data-shadow-style=\"yes\">\n\t\t\t<div class=\"mo-img-container-inner\" data-parallax=\"true\" data-parallax-from='{\"translateY\":90}' data-parallax-to='{\"translateY\":-156}' data-parallax-options='{\"easing\":\"linear\"}' >\n\t\t\t<figure><img decoding=\"async\" src=\"https:\/\/serviciosganaderosmillan.es\/wp-content\/uploads\/2023\/09\/296630876_1180892642481839_3352186560655334550_n.jpeg\" alt=\"image\" \/><\/figure>\t\n\t\t\t<\/div><!-- \/.mo-img-container-inner -->\n\t\t<\/div><!-- \/.fancy-image -->\n\t\t\t\n    [\/vc_column_inner][\/vc_row_inner][\/vc_column][vc_column width=\u00bb1\/2&#8243; el_class=\u00bbnotebook_column_full\u00bb offset=\u00bbvc_col-lg-6 vc_col-md-6 vc_col-xs-12&#8243;][vc_column_text]<span class=\"\">El trabajo del pod\u00f3logo bovino ha experimentado mejoras y avances en los \u00faltimos a\u00f1os, ya que estos profesionales invierten en la adquisici\u00f3n de nuevas t\u00e9cnicas y conocimientos para beneficiar al sector<\/span><span class=\"\"><span class=\"whitespace-nowrap\">.<\/span><\/span><span class=\"\">\u00a0Su labor contribuye a la salud y el bienestar de los animales, lo que a su vez se traduce en una mayor productividad y rentabilidad para las explotaciones ganaderas.<\/span>[\/vc_column_text]\t<div class=\"lists\">\n\t\t<div class=\"list-content list  \">\n\n\t\t\t\t\t\t\t<ul class=\"list-style list-style2\">\n\t\t\t\t\t\t\t\t\t\t\t<li>\n\t\t\t\t\t\t\t<h4>Los aplomos<\/h4>\n\t\t\t\t\t\t\t<p>el peso de una vaca se distribuye en un 55-60% en la extremidades anteriores, ya que se localiza el rumen, el sistema respiratorio, la cabeza y gran parte del sistema digestivo.\n\n<\/p>\t\t\t\t\t\t<\/li>\n\t\t\t\t\t\t\t\t\t\t\t<li>\n\t\t\t\t\t\t\t<h4>El recorte<\/h4>\n\t\t\t\t\t\t\t<p>es importante dejar lo m\u00e1s igualadas y aplomadas posibles las pezu\u00f1as, con el objetivo de repartir el peso en mayor superficie. De no ser as\u00ed, se est\u00e1 poniendo en riesgo la salud podal del animal.\n\n<\/p>\t\t\t\t\t\t<\/li>\n\t\t\t\t\t\t\t\t\t<\/ul>\n\t\t\t\t\t<\/div>\n\t<\/div>   \n    [\/vc_column][\/vc_row][vc_row content_animation=\u00bbyes\u00bb mo_easing=\u00bbeaseOutQuart\u00bb mo_init_scale_x=\u00bb1&#8243; mo_init_scale_y=\u00bb1&#8243; mo_init_scale_z=\u00bb1&#8243; mo_init_opacity=\u00bb0&#8243; mo_an_scale_x=\u00bb1&#8243; mo_an_scale_y=\u00bb1&#8243; mo_an_scale_z=\u00bb1&#8243; mo_an_opacity=\u00bb1&#8243; bt_bg_fixed=\u00bbtrue\u00bb css=\u00bb.vc_custom_1631487087815{padding-top: 100px !important;}\u00bb mo_init_translate_y=\u00bb61&#8243; mo_init_translate_z=\u00bb162&#8243; mo_init_rotate_x=\u00bb-30&#8243;][vc_column]       \n      <div class=\"mo-title-box title-box-style6  text-center\"  ><h3>Qu\u00e9 pasa cuando no hay un programa de recorte de pezu\u00f1as preventivo?<\/h3> <\/div>\n    [vc_row_inner][vc_column_inner width=\u00bb1\/5&#8243;][\/vc_column_inner][vc_column_inner width=\u00bb3\/5&#8243; css=\u00bb.vc_custom_1564925138698{padding-right: 5% !important;padding-left: 5% !important;}\u00bb][vc_column_text]Cuando no se implementa un programa de recorte de pezu\u00f1as preventivo, pueden surgir problemas en la salud y el bienestar de los animales. Las pezu\u00f1as son un \u00f3rgano en constante crecimiento que necesita estar en buen estado, especialmente cuando hemos modificado las condiciones naturales para las que el animal est\u00e1 dise\u00f1ado<\/p>\n<p>Caracter\u00edsticas como el \u00e1ngulo, grosor de la suela, estabilidad de las paredes y longitud de la misma son de vital importancia para el buen desempe\u00f1o productivo y reproductivo de los animales[1]. Sin estas caracter\u00edsticas, el animal no estar\u00e1 100% c\u00f3modo, lo que puede provocar dolor, incomodidad y afectar la econom\u00eda de la empresa.<\/p>\n<p>La falta de un programa de recorte preventivo puede llevar a la necesidad de tratamientos con medicamentos, ca\u00edda de la condici\u00f3n corporal, infertilidad y descarte de los animales. Estos problemas pueden evitarse con visitas regulares del pod\u00f3logo bovino, que no solo se centran en el recorte de pezu\u00f1as, sino tambi\u00e9n en el tratamiento de cojeras y la implementaci\u00f3n de protocolos de prevenci\u00f3n en caso de trastornos de origen infeccioso.<\/p>\n<p>Es importante considerar que el recorte de pezu\u00f1as debe ser realizado de manera adecuada y sin causar estr\u00e9s innecesario a los animales. Adem\u00e1s, otros factores como el grado de limpieza y mantenimiento de las instalaciones, la superficie del suelo, el tipo de cub\u00edculos, la humedad y la existencia de barro, entre otros, tambi\u00e9n pueden influir en la salud podal de los animales.[\/vc_column_text][\/vc_column_inner][vc_column_inner width=\u00bb1\/5&#8243;][\/vc_column_inner][\/vc_row_inner][\/vc_column][\/vc_row]<\/p>\n<\/section>","protected":false},"excerpt":{"rendered":"[vc_row content_animation=\u00bbyes\u00bb mo_init_scale_x=\u00bb1&#8243; mo_init_scale_y=\u00bb1&#8243; mo_init_scale_z=\u00bb1&#8243; mo_init_opacity=\u00bb0&#8243; mo_an_scale_x=\u00bb1&#8243; mo_an_scale_y=\u00bb1&#8243; mo_an_scale_z=\u00bb1&#8243; mo_an_opacity=\u00bb1&#8243; css=\u00bb.vc_custom_1592312496390{padding-top: 100px !important;padding-bottom: 100px !important;}\u00bb mo_init_translate_y=\u00bb63&#8243; mo_init_translate_z=\u00bb-85&#8243; mo_init_rotate_x=\u00bb-58&#8243;][vc_column][vc_row_inner][vc_column_inner width=\u00bb1\/2&#8243;][\/vc_column_inner][vc_column_inner width=\u00bb1\/2&#8243;][vc_empty_space height=\u00bb30px\u00bb el_class=\u00bbhide_mobile\u00bb][vc_column_text css=\u00bb.vc_custom_1696185284499{margin-bottom: 20px !important;}\u00bb]El pod\u00f3logo desempe\u00f1a un papel fundamental en el mantenimiento de la salud podal del reba\u00f1o en las explotaciones de vacuno. Para lograr este objetivo, el recorte preventivo es una estrategia imprescindible, [&hellip;]","protected":false},"author":1,"featured_media":0,"parent":0,"menu_order":0,"comment_status":"closed","ping_status":"closed","template":"","meta":{"inline_featured_image":false,"footnotes":""},"class_list":["post-620","page","type-page","status-publish","hentry"],"yoast_head":"<!-- This site is optimized with the Yoast SEO plugin v25.6 - https:\/\/yoast.com\/wordpress\/plugins\/seo\/ -->\n<title>Servicios - SERVICIOS GANADEROS MILL\u00c1N<\/title>\n<meta name=\"robots\" content=\"index, follow, max-snippet:-1, max-image-preview:large, max-video-preview:-1\" \/>\n<link rel=\"canonical\" href=\"https:\/\/serviciosganaderosmillan.es\/index.php\/servicios\/\" \/>\n<meta property=\"og:locale\" content=\"es_ES\" \/>\n<meta property=\"og:type\" content=\"article\" \/>\n<meta property=\"og:title\" content=\"Servicios - SERVICIOS GANADEROS MILL\u00c1N\" \/>\n<meta property=\"og:description\" content=\"[vc_row content_animation=\u00bbyes\u00bb mo_init_scale_x=\u00bb1&#8243; mo_init_scale_y=\u00bb1&#8243; mo_init_scale_z=\u00bb1&#8243; mo_init_opacity=\u00bb0&#8243; mo_an_scale_x=\u00bb1&#8243; mo_an_scale_y=\u00bb1&#8243; mo_an_scale_z=\u00bb1&#8243; mo_an_opacity=\u00bb1&#8243; css=\u00bb.vc_custom_1592312496390{padding-top: 100px !important;padding-bottom: 100px !important;}\u00bb mo_init_translate_y=\u00bb63&#8243; mo_init_translate_z=\u00bb-85&#8243; mo_init_rotate_x=\u00bb-58&#8243;][vc_column][vc_row_inner][vc_column_inner width=\u00bb1\/2&#8243;][\/vc_column_inner][vc_column_inner width=\u00bb1\/2&#8243;][vc_empty_space height=\u00bb30px\u00bb el_class=\u00bbhide_mobile\u00bb][vc_column_text css=\u00bb.vc_custom_1696185284499{margin-bottom: 20px !important;}\u00bb]El pod\u00f3logo desempe\u00f1a un papel fundamental en el mantenimiento de la salud podal del reba\u00f1o en las explotaciones de vacuno. Para lograr este objetivo, el recorte preventivo es una estrategia imprescindible, [&hellip;]\" \/>\n<meta property=\"og:url\" content=\"https:\/\/serviciosganaderosmillan.es\/index.php\/servicios\/\" \/>\n<meta property=\"og:site_name\" content=\"SERVICIOS GANADEROS MILL\u00c1N\" \/>\n<meta property=\"article:modified_time\" content=\"2023-10-05T14:22:46+00:00\" \/>\n<meta name=\"twitter:card\" content=\"summary_large_image\" \/>\n<meta name=\"twitter:label1\" content=\"Tiempo de lectura\" \/>\n\t<meta name=\"twitter:data1\" content=\"5 minutos\" \/>\n<script type=\"application\/ld+json\" class=\"yoast-schema-graph\">{\"@context\":\"https:\/\/schema.org\",\"@graph\":[{\"@type\":\"WebPage\",\"@id\":\"https:\/\/serviciosganaderosmillan.es\/index.php\/servicios\/\",\"url\":\"https:\/\/serviciosganaderosmillan.es\/index.php\/servicios\/\",\"name\":\"Servicios - SERVICIOS GANADEROS MILL\u00c1N\",\"isPartOf\":{\"@id\":\"https:\/\/serviciosganaderosmillan.es\/#website\"},\"datePublished\":\"2022-02-12T12:09:00+00:00\",\"dateModified\":\"2023-10-05T14:22:46+00:00\",\"breadcrumb\":{\"@id\":\"https:\/\/serviciosganaderosmillan.es\/index.php\/servicios\/#breadcrumb\"},\"inLanguage\":\"es\",\"potentialAction\":[{\"@type\":\"ReadAction\",\"target\":[\"https:\/\/serviciosganaderosmillan.es\/index.php\/servicios\/\"]}]},{\"@type\":\"BreadcrumbList\",\"@id\":\"https:\/\/serviciosganaderosmillan.es\/index.php\/servicios\/#breadcrumb\",\"itemListElement\":[{\"@type\":\"ListItem\",\"position\":1,\"name\":\"Portada\",\"item\":\"https:\/\/serviciosganaderosmillan.es\/\"},{\"@type\":\"ListItem\",\"position\":2,\"name\":\"Servicios\"}]},{\"@type\":\"WebSite\",\"@id\":\"https:\/\/serviciosganaderosmillan.es\/#website\",\"url\":\"https:\/\/serviciosganaderosmillan.es\/\",\"name\":\"SERVICIOS GANADEROS MILL\u00c1N\",\"description\":\"\",\"publisher\":{\"@id\":\"https:\/\/serviciosganaderosmillan.es\/#organization\"},\"potentialAction\":[{\"@type\":\"SearchAction\",\"target\":{\"@type\":\"EntryPoint\",\"urlTemplate\":\"https:\/\/serviciosganaderosmillan.es\/?s={search_term_string}\"},\"query-input\":{\"@type\":\"PropertyValueSpecification\",\"valueRequired\":true,\"valueName\":\"search_term_string\"}}],\"inLanguage\":\"es\"},{\"@type\":\"Organization\",\"@id\":\"https:\/\/serviciosganaderosmillan.es\/#organization\",\"name\":\"SERVICIOS GANADEROS MILL\u00c1N\",\"url\":\"https:\/\/serviciosganaderosmillan.es\/\",\"logo\":{\"@type\":\"ImageObject\",\"inLanguage\":\"es\",\"@id\":\"https:\/\/serviciosganaderosmillan.es\/#\/schema\/logo\/image\/\",\"url\":\"https:\/\/serviciosganaderosmillan.es\/wp-content\/uploads\/2023\/09\/logo_1.png\",\"contentUrl\":\"https:\/\/serviciosganaderosmillan.es\/wp-content\/uploads\/2023\/09\/logo_1.png\",\"width\":202,\"height\":62,\"caption\":\"SERVICIOS GANADEROS MILL\u00c1N\"},\"image\":{\"@id\":\"https:\/\/serviciosganaderosmillan.es\/#\/schema\/logo\/image\/\"}}]}<\/script>\n<!-- \/ Yoast SEO plugin. -->","yoast_head_json":{"title":"Servicios - SERVICIOS GANADEROS MILL\u00c1N","robots":{"index":"index","follow":"follow","max-snippet":"max-snippet:-1","max-image-preview":"max-image-preview:large","max-video-preview":"max-video-preview:-1"},"canonical":"https:\/\/serviciosganaderosmillan.es\/index.php\/servicios\/","og_locale":"es_ES","og_type":"article","og_title":"Servicios - SERVICIOS GANADEROS MILL\u00c1N","og_description":"[vc_row content_animation=\u00bbyes\u00bb mo_init_scale_x=\u00bb1&#8243; mo_init_scale_y=\u00bb1&#8243; mo_init_scale_z=\u00bb1&#8243; mo_init_opacity=\u00bb0&#8243; mo_an_scale_x=\u00bb1&#8243; mo_an_scale_y=\u00bb1&#8243; mo_an_scale_z=\u00bb1&#8243; mo_an_opacity=\u00bb1&#8243; css=\u00bb.vc_custom_1592312496390{padding-top: 100px !important;padding-bottom: 100px !important;}\u00bb mo_init_translate_y=\u00bb63&#8243; mo_init_translate_z=\u00bb-85&#8243; mo_init_rotate_x=\u00bb-58&#8243;][vc_column][vc_row_inner][vc_column_inner width=\u00bb1\/2&#8243;][\/vc_column_inner][vc_column_inner width=\u00bb1\/2&#8243;][vc_empty_space height=\u00bb30px\u00bb el_class=\u00bbhide_mobile\u00bb][vc_column_text css=\u00bb.vc_custom_1696185284499{margin-bottom: 20px !important;}\u00bb]El pod\u00f3logo desempe\u00f1a un papel fundamental en el mantenimiento de la salud podal del reba\u00f1o en las explotaciones de vacuno. Para lograr este objetivo, el recorte preventivo es una estrategia imprescindible, [&hellip;]","og_url":"https:\/\/serviciosganaderosmillan.es\/index.php\/servicios\/","og_site_name":"SERVICIOS GANADEROS MILL\u00c1N","article_modified_time":"2023-10-05T14:22:46+00:00","twitter_card":"summary_large_image","twitter_misc":{"Tiempo de lectura":"5 minutos"},"schema":{"@context":"https:\/\/schema.org","@graph":[{"@type":"WebPage","@id":"https:\/\/serviciosganaderosmillan.es\/index.php\/servicios\/","url":"https:\/\/serviciosganaderosmillan.es\/index.php\/servicios\/","name":"Servicios - SERVICIOS GANADEROS MILL\u00c1N","isPartOf":{"@id":"https:\/\/serviciosganaderosmillan.es\/#website"},"datePublished":"2022-02-12T12:09:00+00:00","dateModified":"2023-10-05T14:22:46+00:00","breadcrumb":{"@id":"https:\/\/serviciosganaderosmillan.es\/index.php\/servicios\/#breadcrumb"},"inLanguage":"es","potentialAction":[{"@type":"ReadAction","target":["https:\/\/serviciosganaderosmillan.es\/index.php\/servicios\/"]}]},{"@type":"BreadcrumbList","@id":"https:\/\/serviciosganaderosmillan.es\/index.php\/servicios\/#breadcrumb","itemListElement":[{"@type":"ListItem","position":1,"name":"Portada","item":"https:\/\/serviciosganaderosmillan.es\/"},{"@type":"ListItem","position":2,"name":"Servicios"}]},{"@type":"WebSite","@id":"https:\/\/serviciosganaderosmillan.es\/#website","url":"https:\/\/serviciosganaderosmillan.es\/","name":"SERVICIOS GANADEROS MILL\u00c1N","description":"","publisher":{"@id":"https:\/\/serviciosganaderosmillan.es\/#organization"},"potentialAction":[{"@type":"SearchAction","target":{"@type":"EntryPoint","urlTemplate":"https:\/\/serviciosganaderosmillan.es\/?s={search_term_string}"},"query-input":{"@type":"PropertyValueSpecification","valueRequired":true,"valueName":"search_term_string"}}],"inLanguage":"es"},{"@type":"Organization","@id":"https:\/\/serviciosganaderosmillan.es\/#organization","name":"SERVICIOS GANADEROS MILL\u00c1N","url":"https:\/\/serviciosganaderosmillan.es\/","logo":{"@type":"ImageObject","inLanguage":"es","@id":"https:\/\/serviciosganaderosmillan.es\/#\/schema\/logo\/image\/","url":"https:\/\/serviciosganaderosmillan.es\/wp-content\/uploads\/2023\/09\/logo_1.png","contentUrl":"https:\/\/serviciosganaderosmillan.es\/wp-content\/uploads\/2023\/09\/logo_1.png","width":202,"height":62,"caption":"SERVICIOS GANADEROS MILL\u00c1N"},"image":{"@id":"https:\/\/serviciosganaderosmillan.es\/#\/schema\/logo\/image\/"}}]}},"_links":{"self":[{"href":"https:\/\/serviciosganaderosmillan.es\/index.php\/wp-json\/wp\/v2\/pages\/620","targetHints":{"allow":["GET"]}}],"collection":[{"href":"https:\/\/serviciosganaderosmillan.es\/index.php\/wp-json\/wp\/v2\/pages"}],"about":[{"href":"https:\/\/serviciosganaderosmillan.es\/index.php\/wp-json\/wp\/v2\/types\/page"}],"author":[{"embeddable":true,"href":"https:\/\/serviciosganaderosmillan.es\/index.php\/wp-json\/wp\/v2\/users\/1"}],"replies":[{"embeddable":true,"href":"https:\/\/serviciosganaderosmillan.es\/index.php\/wp-json\/wp\/v2\/comments?post=620"}],"version-history":[{"count":13,"href":"https:\/\/serviciosganaderosmillan.es\/index.php\/wp-json\/wp\/v2\/pages\/620\/revisions"}],"predecessor-version":[{"id":2478,"href":"https:\/\/serviciosganaderosmillan.es\/index.php\/wp-json\/wp\/v2\/pages\/620\/revisions\/2478"}],"wp:attachment":[{"href":"https:\/\/serviciosganaderosmillan.es\/index.php\/wp-json\/wp\/v2\/media?parent=620"}],"curies":[{"name":"wp","href":"https:\/\/api.w.org\/{rel}","templated":true}]}}